{"id":192,"date":"2023-04-24T13:07:22","date_gmt":"2023-04-24T11:07:22","guid":{"rendered":"https:\/\/emalog.pl\/?page_id=192"},"modified":"2023-04-24T13:07:24","modified_gmt":"2023-04-24T11:07:24","slug":"polityka-prywatnosci-2","status":"publish","type":"page","link":"https:\/\/emalog.pl\/?page_id=192","title":{"rendered":"Polityka prywatno\u015bci"},"content":{"rendered":"\n  \n    <section class=\"u-align-center u-clearfix u-section-1\" id=\"sec-97a9\">\n      <div class=\"u-clearfix u-sheet u-valign-middle u-sheet-1\">\n        <h1 class=\"u-text u-text-default u-text-1\">Polityka prywatno\u015bci<\/h1>\n        <p class=\"u-text u-text-2\"> &nbsp;<span style=\"font-weight: 700;\">Administratorem Pani\/a danych osobowych jest :&nbsp;<br>&nbsp;EMALOG sp. z o.o. ul. \u017burawinowa 10\/B5 , 62-070 Pal\u0119dzie ,&nbsp;<br>&nbsp;e-mail: info@emalog.pl\n          <\/span>\n          <br>\n          <br>\n          <span style=\"font-weight: 700;\">Pani\/a dane&nbsp; osobowe b\u0119d\u0105 przetwarzane w celu :<\/span>&nbsp;<br>- w razie zawarcia&nbsp; umowy, dane osobowe b\u0119d\u0105 przetwarzane w celu wykonania postanowie\u0144 umownych. Podstawa prawna przetwarzania danych toart. 6 ust.1 lit.b RODO (tj.przetwarzanie jest niezb\u0119dne do wykonania umowy, kt\u00f3rej stron\u0105 jest osoba, kt\u00f3rej dane dotycz\u0105 lub do podj\u0119cia dzia\u0142a\u0144 na \u017c\u0105danie osoby, kt\u00f3rej dane dotycz\u0105, przed zawarciem umowy),&nbsp;<br>- dane osobowe mog\u0105 by\u0107 przetwarzane w celu przesy\u0142ania informacji handlowych , jak i marketingowych Administratora drog\u0105 elektroniczn\u0105. Podstawa prawna przetwarzania danych to&nbsp; art. 6, ust. 1 lit. a&nbsp; RODO( tj. zgoda osoby, kt\u00f3rej dane dotycz\u0105, lub odpowiednio art. 6 ust.1 lit. f RODO- prawnie uzasadniony interes Administratora w zwi\u0105zku z umow\u0105 \u0142\u0105cz\u0105c\u0105 strony ),&nbsp;<br>- przekazania&nbsp; innym odbiorcom, podmiotom trzecim w oparciu - z art. 6 ust.1 lit. a RODO- tj. udzielona zgoda przez osob\u0119, kt\u00f3rej dane dotycz\u0105.&nbsp;<br>&nbsp;<br>Dane mog\u0105 by\u0107 przekazane podmiotom wsp\u00f3\u0142pracuj\u0105cym&nbsp; z Administratorem, w szczeg\u00f3lno\u015bci w zakresie:&nbsp; wykonania umowy, jak i obs\u0142uguj\u0105cych&nbsp; Administratora, np. kontrahenci uczestnicz\u0105cy w wykonaniu \u0142\u0105cz\u0105cej strony umowy,&nbsp; dostawcy us\u0142ug&nbsp; informatycznych, podwykonawcy.&nbsp;<br>&nbsp;<br>Pani\/a dane b\u0119d\u0105 przechowywane przez okres&nbsp; konieczny dla realizacji celu wskazanego&nbsp; powy\u017cej,&nbsp; a nadto przez okres przedawnienia roszcze\u0144 przys\u0142uguj\u0105cych Administratorowi danych i w stosunku do niego, jak i&nbsp; w&nbsp; czasie koniecznym do wywi\u0105zania si\u0119 przez Administratora z prawnego obowi\u0105zku wymagaj\u0105cego przetwarzania danych na mocy przepis\u00f3w prawa:&nbsp;<br>- w zakresie realizacji postanowie\u0144 umownych - przez okres niezb\u0119dny do realizacji postanowie\u0144 umowy oraz przez okres przedawnienia roszcze\u0144 przys\u0142uguj\u0105cych Administratorowi danych i w stosunku do niego, jak i w czasie koniecznym do wywi\u0105zania si\u0119 przez Administratora z&nbsp; prawnego obowi\u0105zku wymagaj\u0105cego przetwarzania danych -na mocy przepis\u00f3w prawa,&nbsp;<br>-w celu przesy\u0142ania informacji handlowych, jak i dzia\u0142a\u0144 marketingowych - przez czas nieokre\u015blony, do momentu wycofania zgody lub zg\u0142oszenia sprzeciwu,&nbsp;<br>-dane osobowe mog\u0105 by\u0107 przekazywane, podmiotom trzecim w oparciu o przes\u0142ank\u0119 prawn\u0105,&nbsp; zgodnie z art. 6 ust.1 lit. a RODO, tj. zgod\u0119 osoby, kt\u00f3rej dane dotycz\u0105 - do momentu&nbsp; wycofania takiej zgody .&nbsp;<br>Ma Pan\/i prawo do: dost\u0119pu do swoich danych osobowych, zg\u0142oszenia \u017c\u0105dania ich sprostowania, usuni\u0119cia lub ograniczenia przetwarzania , wniesienia sprzeciwu,&nbsp;&nbsp; wycofania, przenoszenia danych.&nbsp;<br>&nbsp;<br>Zgodnie z RODO informuj\u0119 , i\u017c w przypadku przetwarzania danych osobowych w oparciu o wyra\u017con\u0105 zgod\u0119, wyra\u017cona zgoda na przetwarzanie mo\u017ce zosta\u0107 wycofana w dowolnym momencie, co pozostaje bez wp\u0142ywu na zgodno\u015b\u0107 z prawem przetwarzania, kt\u00f3re mia\u0142o miejsce do momentu wycofania takiej zgody.&nbsp;<br>&nbsp;<br>Przys\u0142uguje Pani\/u prawo wniesienia skargi do organu- Prezesa Urz\u0119du Ochrony Danych Osobowych w&nbsp; Warszawie , ul. Stawki 2. 00-193 Warszawa.&nbsp;&nbsp;<br>&nbsp;W zwi\u0105zku z powy\u017cszym, podanie danych osobowych mo\u017ce mie\u0107 charakter dwojaki:&nbsp;<br>- umowny, podanie danych osobowych jest warunkiem&nbsp; zawarcia umowy i wykonania, a niepodanie danych&nbsp; b\u0119dzie skutkowa\u0142o brakiem mo\u017cliwo\u015bci zawarcia umowy oraz&nbsp; wykonania,&nbsp;&nbsp;<br>- dobrowolny, gdzie podanie danych jest niezb\u0119dne do realizacji cel\u00f3w np.&nbsp; przesy\u0142ania informacji handlowych , jak i marketingowych .&nbsp;<br>&nbsp;\n        <\/p>\n      <\/div>\n    <\/section>\n    \n    \n    \n  \n","protected":false},"excerpt":{"rendered":"<p>Polityka prywatno\u015bci &nbsp;Administratorem Pani\/a danych osobowych jest :&nbsp;&nbsp;EMALOG sp. z o.o. ul. \u017burawinowa 10\/B5 , 62-070 Pal\u0119dzie ,&nbsp;&nbsp;e-mail: info@emalog.pl Pani\/a dane&nbsp; osobowe b\u0119d\u0105 przetwarzane w celu :&nbsp;&#8211; w razie zawarcia&nbsp; umowy, dane osobowe b\u0119d\u0105 przetwarzane w celu wykonania postanowie\u0144 umownych. Podstawa prawna przetwarzania danych toart. 6 ust.1 lit.b RODO (tj.przetwarzanie jest niezb\u0119dne do wykonania umowy, &hellip; <a href=\"https:\/\/emalog.pl\/?page_id=192\" class=\"more-link\">Continue reading<span class=\"screen-reader-text\"> &#8220;Polityka prywatno\u015bci&#8221;<\/span><\/a><\/p>\n","protected":false},"author":1,"featured_media":0,"parent":0,"menu_order":1,"comment_status":"closed","ping_status":"closed","template":"","meta":{"footnotes":""},"class_list":["post-192","page","type-page","status-publish","hentry"],"_links":{"self":[{"href":"https:\/\/emalog.pl\/index.php?rest_route=\/wp\/v2\/pages\/192","targetHints":{"allow":["GET"]}}],"collection":[{"href":"https:\/\/emalog.pl\/index.php?rest_route=\/wp\/v2\/pages"}],"about":[{"href":"https:\/\/emalog.pl\/index.php?rest_route=\/wp\/v2\/types\/page"}],"author":[{"embeddable":true,"href":"https:\/\/emalog.pl\/index.php?rest_route=\/wp\/v2\/users\/1"}],"replies":[{"embeddable":true,"href":"https:\/\/emalog.pl\/index.php?rest_route=%2Fwp%2Fv2%2Fcomments&post=192"}],"version-history":[{"count":1,"href":"https:\/\/emalog.pl\/index.php?rest_route=\/wp\/v2\/pages\/192\/revisions"}],"predecessor-version":[{"id":194,"href":"https:\/\/emalog.pl\/index.php?rest_route=\/wp\/v2\/pages\/192\/revisions\/194"}],"wp:attachment":[{"href":"https:\/\/emalog.pl\/index.php?rest_route=%2Fwp%2Fv2%2Fmedia&parent=192"}],"curies":[{"name":"wp","href":"https:\/\/api.w.org\/{rel}","templated":true}]}}